{"id":1945,"date":"2024-03-03T13:43:10","date_gmt":"2024-03-03T13:43:10","guid":{"rendered":"https:\/\/www.esel-herz.de\/?page_id=1945"},"modified":"2025-11-28T04:25:10","modified_gmt":"2025-11-28T04:25:10","slug":"presse","status":"publish","type":"page","link":"https:\/\/www.esel-herz.de\/?page_id=1945","title":{"rendered":"Preise"},"content":{"rendered":"\t\t<div data-elementor-type=\"wp-page\" data-elementor-id=\"1945\" class=\"elementor elementor-1945\" data-elementor-post-type=\"page\">\n\t\t\t\t\t\t<section class=\"elementor-section elementor-top-section elementor-element elementor-element-8ca4643 elementor-section-boxed elementor-section-height-default elementor-section-height-default\" data-id=\"8ca4643\" data-element_type=\"section\" data-e-type=\"section\">\n\t\t\t\t\t\t<div class=\"elementor-container elementor-column-gap-default\">\n\t\t\t\t\t<div class=\"elementor-column elementor-col-100 elementor-top-column elementor-element elementor-element-7bed908\" data-id=\"7bed908\" data-element_type=\"column\" data-e-type=\"column\">\n\t\t\t<div class=\"elementor-widget-wrap elementor-element-populated\">\n\t\t\t\t\t\t<div class=\"elementor-element elementor-element-251b648 elementor-widget elementor-widget-heading\" data-id=\"251b648\" data-element_type=\"widget\" data-e-type=\"widget\" data-widget_type=\"heading.default\">\n\t\t\t\t<div class=\"elementor-widget-container\">\n\t\t\t\t\t<h2 class=\"elementor-heading-title elementor-size-default\">Preise<\/h2>\t\t\t\t<\/div>\n\t\t\t\t<\/div>\n\t\t\t\t\t<\/div>\n\t\t<\/div>\n\t\t\t\t\t<\/div>\n\t\t<\/section>\n\t\t\t\t<section class=\"elementor-section elementor-top-section elementor-element elementor-element-31b3c23 elementor-section-boxed elementor-section-height-default elementor-section-height-default\" data-id=\"31b3c23\" data-element_type=\"section\" data-e-type=\"section\">\n\t\t\t\t\t\t<div class=\"elementor-container elementor-column-gap-default\">\n\t\t\t\t\t<div class=\"elementor-column elementor-col-100 elementor-top-column elementor-element elementor-element-101b6dc\" data-id=\"101b6dc\" data-element_type=\"column\" data-e-type=\"column\">\n\t\t\t<div class=\"elementor-widget-wrap elementor-element-populated\">\n\t\t\t\t\t\t<div class=\"elementor-element elementor-element-f7fbbf7 elementor-widget elementor-widget-text-editor\" data-id=\"f7fbbf7\" data-element_type=\"widget\" data-e-type=\"widget\" data-widget_type=\"text-editor.default\">\n\t\t\t\t<div class=\"elementor-widget-container\">\n\t\t\t\t\t\t\t\t\t<p><span style=\"text-decoration: underline;\"><strong>Preise:<\/strong><\/span><br>Wochentags Montag bis Freitag:<\/p>\n<p>Erwachsene Person mit einem Eselchen<strong> 45\u20ac<\/strong><br>Kinder von 7-16 Jahren <strong>35\u20ac<\/strong><br>Begleitende Personen ohne Eselchen <strong>25\u20ac<\/strong><br>Kinden bis 6 Jahre sind <strong>frei<\/strong> bei einem voll zahlenden Erwachsenen.<\/p>\n<p>Samstag, Sonntag und Feiertage:<br>Erwachsene Person mit einem Eselchen <strong>53\u20ac<\/strong><br>Kinder von 7-16 Jahren<strong> 43\u20ac<\/strong><br>Begleitende Personen ohne Eselchen <strong>33\u20ac<\/strong><br>Kinder bis 6 Jahre sind <strong>frei<\/strong> bei einem voll zahlenden Erwachsenen.<\/p>\n<p>Solle es bei einer bereits bezahlten Buchung passieren, dass Du von Deiner Seite aus keine Tour machen kannst,<br>so geht Dir doch nichts verloren.<br>Den Betrag kann ich Dir nicht zur\u00fcck erstatten, weil ich ja f\u00fcr meine Eselchen sorgen muss.<br><strong>ABER<\/strong><br>Du hast die M\u00f6glichkeit, den bereits bezahlten Gutschein auf andere zu \u00fcbertragen <br><strong>ODER<\/strong><br>Du kannst ihn f\u00fcr s\u00fc\u00dfe Esel Tassen nutzen ( gerne auch personifiziert )<br>Hoodys mit Eselherz LOGO oder Kunstdrucke von den Eselchen welche ich selbst gezeichnet habe. <br>Ebenso kannst Du den Preis mit einem Auftragsbild verrechnen lassen oder daf\u00fcr einen Gutschein erhalten.<\/p>\n<p>Tiere zeichnen ist seit meine Kindheit, meine gr\u00f6\u00dften Leidenschaft. Nat\u00fcrlich nach den Tieren selbst \ud83d\ude09<br>Und das zu kombinieren ist mein gr\u00f6\u00dftes Gl\u00fcck, wor\u00fcber ich so dankbar bin.<br>Ganz unabh\u00e4ngig von Eselherz, kannst Du mir auch Bilder in Auftrag geben.<\/p>\t\t\t\t\t\t\t\t<\/div>\n\t\t\t\t<\/div>\n\t\t\t\t\t<\/div>\n\t\t<\/div>\n\t\t\t\t\t<\/div>\n\t\t<\/section>\n\t\t\t\t<\/div>\n\t\t","protected":false},"excerpt":{"rendered":"<p>Preise Preise:Wochentags Montag bis Freitag: Erwachsene Person mit einem Eselchen 45\u20acKinder von 7-16 Jahren 35\u20acBegleitende Personen ohne Eselchen 25\u20acKinden bis 6 Jahre sind frei bei einem voll zahlenden Erwachsenen. Samstag, Sonntag und Feiertage:Erwachsene Person mit einem Eselchen 53\u20acKinder von 7-16 Jahren 43\u20acBegleitende Personen ohne Eselchen 33\u20acKinder bis 6 Jahre sind frei bei einem voll zahlenden [&hellip;]<\/p>\n","protected":false},"author":1,"featured_media":0,"parent":0,"menu_order":0,"comment_status":"closed","ping_status":"closed","template":"","meta":{"content-type":"","site-sidebar-layout":"no-sidebar","site-content-layout":"page-builder","ast-site-content-layout":"full-width-container","site-content-style":"default","site-sidebar-style":"default","ast-global-header-display":"","ast-banner-title-visibility":"","ast-main-header-display":"","ast-hfb-above-header-display":"","ast-hfb-below-header-display":"","ast-hfb-mobile-header-display":"","site-post-title":"disabled","ast-breadcrumbs-content":"","ast-featured-img":"disabled","footer-sml-layout":"","ast-disable-related-posts":"","theme-transparent-header-meta":"","adv-header-id-meta":"","stick-header-meta":"","header-above-stick-meta":"","header-main-stick-meta":"","header-below-stick-meta":"","astra-migrate-meta-layouts":"set","ast-page-background-enabled":"default","ast-page-background-meta":{"desktop":{"background-color":"var(--ast-global-color-4)","background-image":"","background-repeat":"repeat","background-position":"center center","background-size":"auto","background-attachment":"scroll","background-type":"","background-media":"","overlay-type":"","overlay-color":"","overlay-opacity":"","overlay-gradient":""},"tablet":{"background-color":"","background-image":"","background-repeat":"repeat","background-position":"center center","background-size":"auto","background-attachment":"scroll","background-type":"","background-media":"","overlay-type":"","overlay-color":"","overlay-opacity":"","overlay-gradient":""},"mobile":{"background-color":"","background-image":"","background-repeat":"repeat","background-position":"center center","background-size":"auto","background-attachment":"scroll","background-type":"","background-media":"","overlay-type":"","overlay-color":"","overlay-opacity":"","overlay-gradient":""}},"ast-content-background-meta":{"desktop":{"background-color":"var(--ast-global-color-5)","background-image":"","background-repeat":"repeat","background-position":"center center","background-size":"auto","background-attachment":"scroll","background-type":"","background-media":"","overlay-type":"","overlay-color":"","overlay-opacity":"","overlay-gradient":""},"tablet":{"background-color":"var(--ast-global-color-5)","background-image":"","background-repeat":"repeat","background-position":"center center","background-size":"auto","background-attachment":"scroll","background-type":"","background-media":"","overlay-type":"","overlay-color":"","overlay-opacity":"","overlay-gradient":""},"mobile":{"background-color":"var(--ast-global-color-5)","background-image":"","background-repeat":"repeat","background-position":"center center","background-size":"auto","background-attachment":"scroll","background-type":"","background-media":"","overlay-type":"","overlay-color":"","overlay-opacity":"","overlay-gradient":""}},"footnotes":""},"class_list":["post-1945","page","type-page","status-publish","hentry"],"_links":{"self":[{"href":"https:\/\/www.esel-herz.de\/index.php?rest_route=\/wp\/v2\/pages\/1945","targetHints":{"allow":["GET"]}}],"collection":[{"href":"https:\/\/www.esel-herz.de\/index.php?rest_route=\/wp\/v2\/pages"}],"about":[{"href":"https:\/\/www.esel-herz.de\/index.php?rest_route=\/wp\/v2\/types\/page"}],"author":[{"embeddable":true,"href":"https:\/\/www.esel-herz.de\/index.php?rest_route=\/wp\/v2\/users\/1"}],"replies":[{"embeddable":true,"href":"https:\/\/www.esel-herz.de\/index.php?rest_route=%2Fwp%2Fv2%2Fcomments&post=1945"}],"version-history":[{"count":18,"href":"https:\/\/www.esel-herz.de\/index.php?rest_route=\/wp\/v2\/pages\/1945\/revisions"}],"predecessor-version":[{"id":2077,"href":"https:\/\/www.esel-herz.de\/index.php?rest_route=\/wp\/v2\/pages\/1945\/revisions\/2077"}],"wp:attachment":[{"href":"https:\/\/www.esel-herz.de\/index.php?rest_route=%2Fwp%2Fv2%2Fmedia&parent=1945"}],"curies":[{"name":"wp","href":"https:\/\/api.w.org\/{rel}","templated":true}]}}