{"id":2026,"date":"2025-01-14T17:11:42","date_gmt":"2025-01-14T17:11:42","guid":{"rendered":"https:\/\/www.esel-herz.de\/?page_id=2026"},"modified":"2026-03-14T17:45:11","modified_gmt":"2026-03-14T17:45:11","slug":"ueber-den-ablauf","status":"publish","type":"page","link":"https:\/\/www.esel-herz.de\/?page_id=2026","title":{"rendered":"\u00dcber den Ablauf"},"content":{"rendered":"\t\t<div data-elementor-type=\"wp-page\" data-elementor-id=\"2026\" class=\"elementor elementor-2026\" data-elementor-post-type=\"page\">\n\t\t\t\t\t\t<section class=\"elementor-section elementor-top-section elementor-element elementor-element-de48e9b elementor-section-boxed elementor-section-height-default elementor-section-height-default\" data-id=\"de48e9b\" data-element_type=\"section\" data-e-type=\"section\">\n\t\t\t\t\t\t<div class=\"elementor-container elementor-column-gap-default\">\n\t\t\t\t\t<div class=\"elementor-column elementor-col-100 elementor-top-column elementor-element elementor-element-7d9c5e0\" data-id=\"7d9c5e0\" data-element_type=\"column\" data-e-type=\"column\">\n\t\t\t<div class=\"elementor-widget-wrap elementor-element-populated\">\n\t\t\t\t\t\t<div class=\"elementor-element elementor-element-ba85b8f elementor-widget elementor-widget-heading\" data-id=\"ba85b8f\" data-element_type=\"widget\" data-e-type=\"widget\" data-widget_type=\"heading.default\">\n\t\t\t\t<div class=\"elementor-widget-container\">\n\t\t\t\t\t<h2 class=\"elementor-heading-title elementor-size-default\">\u00dcber den Ablauf einer Tour<\/h2>\t\t\t\t<\/div>\n\t\t\t\t<\/div>\n\t\t\t\t\t<\/div>\n\t\t<\/div>\n\t\t\t\t\t<\/div>\n\t\t<\/section>\n\t\t\t\t<section class=\"elementor-section elementor-top-section elementor-element elementor-element-396373e elementor-section-boxed elementor-section-height-default elementor-section-height-default\" data-id=\"396373e\" data-element_type=\"section\" data-e-type=\"section\">\n\t\t\t\t\t\t<div class=\"elementor-container elementor-column-gap-default\">\n\t\t\t\t\t<div class=\"elementor-column elementor-col-100 elementor-top-column elementor-element elementor-element-e955797\" data-id=\"e955797\" data-element_type=\"column\" data-e-type=\"column\">\n\t\t\t<div class=\"elementor-widget-wrap elementor-element-populated\">\n\t\t\t\t\t\t<div class=\"elementor-element elementor-element-425a0bf elementor-widget elementor-widget-text-editor\" data-id=\"425a0bf\" data-element_type=\"widget\" data-e-type=\"widget\" data-widget_type=\"text-editor.default\">\n\t\t\t\t<div class=\"elementor-widget-container\">\n\t\t\t\t\t\t\t\t\t<p>Ganz nach euren individuellen W\u00fcnschen plane ich eure Eselwanderung.<br \/>Die wundersch\u00f6ne Natur in Breckerfeld bietet ausreichend Gelegenheiten mit den Eseln durch Wald und Feld zu laufen.<\/p><p>Du wirst nach dem Kennenlernen und Vorstellen der Eselchen unterwiesen, wie Du im partnerschaftlichen Verh\u00e4ltnis mit ihnen umgehst.<br \/>Wenn es m\u00f6glich ist, kannst Du Dein Eselchen entsprechend\u00a0 aussuchen.<br \/>Die Paare Esel \/ Mensch finden sich sehr oft auf diese Weise.<\/p><p>Wir kl\u00e4ren Im Vorfeld, welche Tour f\u00fcr euch geeignet ist und machen uns gemeinsam auf den Weg vom Standort der Esel aus.<br \/>Im Mittelpunkt steht das Erlebnis gemeinsam mit dem Esel zu gehen, ihn in unterschiedlichen Situationen, die der Weg bereit h\u00e4lt kennen zu lernen und die Natur zu erleben.<br \/>Zeit und Strecke ist hier eher Nebensache.<\/p><p>Unterwegs k\u00f6nnt ihr Fragen stellen und viel Wissenswertes \u00fcber diese intelligenten Tiere erfahren.<br \/>Manches wird euch sicher auch erstaunen.<\/p><p>Ich stehe euch die ganze Zeit mit Rat und Tat zur Seite falls es mal nicht weiter geht, weil die Eselchen sich zum Stehen bleiben entschlossen haben ;-).<br \/>Eine Eselwanderung ist f\u00fcr jeden tierlieben Menschen eine besondere Gelegenheit die heimische Natur noch einmal neu zu erleben.<\/p><p>Ein Besuch bei Eselherz dauert ca 2 bis 2 1\/2 Stunden .<br \/>Ich schaue nicht so genau auf die Uhr.<\/p>\t\t\t\t\t\t\t\t<\/div>\n\t\t\t\t<\/div>\n\t\t\t\t\t<\/div>\n\t\t<\/div>\n\t\t\t\t\t<\/div>\n\t\t<\/section>\n\t\t\t\t<\/div>\n\t\t","protected":false},"excerpt":{"rendered":"<p>\u00dcber den Ablauf einer Tour Ganz nach euren individuellen W\u00fcnschen plane ich eure Eselwanderung.Die wundersch\u00f6ne Natur in Breckerfeld bietet ausreichend Gelegenheiten mit den Eseln durch Wald und Feld zu laufen. Du wirst nach dem Kennenlernen und Vorstellen der Eselchen unterwiesen, wie Du im partnerschaftlichen Verh\u00e4ltnis mit ihnen umgehst.Wenn es m\u00f6glich ist, kannst Du Dein Eselchen [&hellip;]<\/p>\n","protected":false},"author":1,"featured_media":0,"parent":0,"menu_order":0,"comment_status":"closed","ping_status":"closed","template":"","meta":{"content-type":"","site-sidebar-layout":"no-sidebar","site-content-layout":"page-builder","ast-site-content-layout":"full-width-container","site-content-style":"default","site-sidebar-style":"default","ast-global-header-display":"","ast-banner-title-visibility":"","ast-main-header-display":"","ast-hfb-above-header-display":"","ast-hfb-below-header-display":"","ast-hfb-mobile-header-display":"","site-post-title":"disabled","ast-breadcrumbs-content":"","ast-featured-img":"disabled","footer-sml-layout":"","ast-disable-related-posts":"","theme-transparent-header-meta":"","adv-header-id-meta":"","stick-header-meta":"","header-above-stick-meta":"","header-main-stick-meta":"","header-below-stick-meta":"","astra-migrate-meta-layouts":"set","ast-page-background-enabled":"default","ast-page-background-meta":{"desktop":{"background-color":"var(--ast-global-color-4)","background-image":"","background-repeat":"repeat","background-position":"center center","background-size":"auto","background-attachment":"scroll","background-type":"","background-media":"","overlay-type":"","overlay-color":"","overlay-opacity":"","overlay-gradient":""},"tablet":{"background-color":"","background-image":"","background-repeat":"repeat","background-position":"center center","background-size":"auto","background-attachment":"scroll","background-type":"","background-media":"","overlay-type":"","overlay-color":"","overlay-opacity":"","overlay-gradient":""},"mobile":{"background-color":"","background-image":"","background-repeat":"repeat","background-position":"center center","background-size":"auto","background-attachment":"scroll","background-type":"","background-media":"","overlay-type":"","overlay-color":"","overlay-opacity":"","overlay-gradient":""}},"ast-content-background-meta":{"desktop":{"background-color":"var(--ast-global-color-5)","background-image":"","background-repeat":"repeat","background-position":"center center","background-size":"auto","background-attachment":"scroll","background-type":"","background-media":"","overlay-type":"","overlay-color":"","overlay-opacity":"","overlay-gradient":""},"tablet":{"background-color":"var(--ast-global-color-5)","background-image":"","background-repeat":"repeat","background-position":"center center","background-size":"auto","background-attachment":"scroll","background-type":"","background-media":"","overlay-type":"","overlay-color":"","overlay-opacity":"","overlay-gradient":""},"mobile":{"background-color":"var(--ast-global-color-5)","background-image":"","background-repeat":"repeat","background-position":"center center","background-size":"auto","background-attachment":"scroll","background-type":"","background-media":"","overlay-type":"","overlay-color":"","overlay-opacity":"","overlay-gradient":""}},"footnotes":""},"class_list":["post-2026","page","type-page","status-publish","hentry"],"_links":{"self":[{"href":"https:\/\/www.esel-herz.de\/index.php?rest_route=\/wp\/v2\/pages\/2026","targetHints":{"allow":["GET"]}}],"collection":[{"href":"https:\/\/www.esel-herz.de\/index.php?rest_route=\/wp\/v2\/pages"}],"about":[{"href":"https:\/\/www.esel-herz.de\/index.php?rest_route=\/wp\/v2\/types\/page"}],"author":[{"embeddable":true,"href":"https:\/\/www.esel-herz.de\/index.php?rest_route=\/wp\/v2\/users\/1"}],"replies":[{"embeddable":true,"href":"https:\/\/www.esel-herz.de\/index.php?rest_route=%2Fwp%2Fv2%2Fcomments&post=2026"}],"version-history":[{"count":7,"href":"https:\/\/www.esel-herz.de\/index.php?rest_route=\/wp\/v2\/pages\/2026\/revisions"}],"predecessor-version":[{"id":2180,"href":"https:\/\/www.esel-herz.de\/index.php?rest_route=\/wp\/v2\/pages\/2026\/revisions\/2180"}],"wp:attachment":[{"href":"https:\/\/www.esel-herz.de\/index.php?rest_route=%2Fwp%2Fv2%2Fmedia&parent=2026"}],"curies":[{"name":"wp","href":"https:\/\/api.w.org\/{rel}","templated":true}]}}