{"id":25,"date":"2021-08-13T02:05:52","date_gmt":"2021-08-13T02:05:52","guid":{"rendered":"https:\/\/esel-herz.de\/?page_id=25"},"modified":"2026-03-14T17:38:27","modified_gmt":"2026-03-14T17:38:27","slug":"startseite","status":"publish","type":"page","link":"https:\/\/www.esel-herz.de\/","title":{"rendered":"Startseite"},"content":{"rendered":"\t\t<div data-elementor-type=\"wp-page\" data-elementor-id=\"25\" class=\"elementor elementor-25\" data-elementor-post-type=\"page\">\n\t\t\t\t\t\t<section class=\"elementor-section elementor-top-section elementor-element elementor-element-6f0c88b1 elementor-section-height-full elementor-section-content-middle elementor-section-boxed elementor-section-height-default elementor-section-items-middle\" data-id=\"6f0c88b1\" data-element_type=\"section\" data-e-type=\"section\" data-settings=\"{&quot;background_background&quot;:&quot;classic&quot;}\">\n\t\t\t\t\t\t\t<div class=\"elementor-background-overlay\"><\/div>\n\t\t\t\t\t\t\t<div class=\"elementor-container elementor-column-gap-default\">\n\t\t\t\t\t<div class=\"elementor-column elementor-col-100 elementor-top-column elementor-element elementor-element-761af85d\" data-id=\"761af85d\" data-element_type=\"column\" data-e-type=\"column\">\n\t\t\t<div class=\"elementor-widget-wrap elementor-element-populated\">\n\t\t\t\t\t\t<div class=\"elementor-element elementor-element-731dc99c elementor-widget__width-inherit elementor-widget elementor-widget-heading\" data-id=\"731dc99c\" data-element_type=\"widget\" data-e-type=\"widget\" data-widget_type=\"heading.default\">\n\t\t\t\t<div class=\"elementor-widget-container\">\n\t\t\t\t\t<h2 class=\"elementor-heading-title elementor-size-large\">Sch\u00f6n dass du zu Eselherz gefunden hast.<\/h2>\t\t\t\t<\/div>\n\t\t\t\t<\/div>\n\t\t\t\t<div class=\"elementor-element elementor-element-6f47a6da elementor-widget elementor-widget-text-editor\" data-id=\"6f47a6da\" data-element_type=\"widget\" data-e-type=\"widget\" data-widget_type=\"text-editor.default\">\n\t\t\t\t<div class=\"elementor-widget-container\">\n\t\t\t\t\t\t\t\t\t<p>Das hat sicher den Grund, dass du Tiere magst und ganz besonders Esel.<br \/>Da haben wir etwas gemeinsam, denn Esel sind ganz besondere Tiere!<\/p>\t\t\t\t\t\t\t\t<\/div>\n\t\t\t\t<\/div>\n\t\t\t\t<div class=\"elementor-element elementor-element-7339585c elementor-widget elementor-widget-button\" data-id=\"7339585c\" data-element_type=\"widget\" data-e-type=\"widget\" data-widget_type=\"button.default\">\n\t\t\t\t<div class=\"elementor-widget-container\">\n\t\t\t\t\t\t\t\t\t<div class=\"elementor-button-wrapper\">\n\t\t\t\t\t<a class=\"elementor-button elementor-button-link elementor-size-sm elementor-animation-grow\" href=\"#kontakt\">\n\t\t\t\t\t\t<span class=\"elementor-button-content-wrapper\">\n\t\t\t\t\t\t\t\t\t<span class=\"elementor-button-text\">Tour buchen<\/span>\n\t\t\t\t\t<\/span>\n\t\t\t\t\t<\/a>\n\t\t\t\t<\/div>\n\t\t\t\t\t\t\t\t<\/div>\n\t\t\t\t<\/div>\n\t\t\t\t\t<\/div>\n\t\t<\/div>\n\t\t\t\t\t<\/div>\n\t\t<\/section>\n\t\t\t\t<section class=\"elementor-section elementor-top-section elementor-element elementor-element-5304072 elementor-section-full_width elementor-section-content-middle elementor-section-height-default elementor-section-height-default\" data-id=\"5304072\" data-element_type=\"section\" data-e-type=\"section\" data-settings=\"{&quot;background_background&quot;:&quot;gradient&quot;}\">\n\t\t\t\t\t\t<div class=\"elementor-container elementor-column-gap-no\">\n\t\t\t\t\t<div class=\"elementor-column elementor-col-50 elementor-top-column elementor-element elementor-element-497f0952\" data-id=\"497f0952\" data-element_type=\"column\" data-e-type=\"column\" data-settings=\"{&quot;background_background&quot;:&quot;slideshow&quot;,&quot;background_slideshow_gallery&quot;:[],&quot;background_slideshow_loop&quot;:&quot;yes&quot;,&quot;background_slideshow_slide_duration&quot;:5000,&quot;background_slideshow_slide_transition&quot;:&quot;fade&quot;,&quot;background_slideshow_transition_duration&quot;:500}\">\n\t\t\t<div class=\"elementor-widget-wrap elementor-element-populated\">\n\t\t\t\t\t\t<div class=\"elementor-element elementor-element-17c31851 elementor-widget__width-inherit elementor-widget elementor-widget-video\" data-id=\"17c31851\" data-element_type=\"widget\" data-e-type=\"widget\" data-settings=\"{&quot;youtube_url&quot;:&quot;https:\\\/\\\/youtu.be\\\/O8-FS78snpc&quot;,&quot;yt_privacy&quot;:&quot;yes&quot;,&quot;video_type&quot;:&quot;youtube&quot;,&quot;controls&quot;:&quot;yes&quot;}\" data-widget_type=\"video.default\">\n\t\t\t\t<div class=\"elementor-widget-container\">\n\t\t\t\t\t\t\t<div class=\"elementor-wrapper elementor-open-inline\">\n\t\t\t<div class=\"elementor-video\"><\/div>\t\t<\/div>\n\t\t\t\t\t\t<\/div>\n\t\t\t\t<\/div>\n\t\t\t\t\t<\/div>\n\t\t<\/div>\n\t\t\t\t<div class=\"elementor-column elementor-col-50 elementor-top-column elementor-element elementor-element-7bbff0a6\" data-id=\"7bbff0a6\" data-element_type=\"column\" data-e-type=\"column\">\n\t\t\t<div class=\"elementor-widget-wrap elementor-element-populated\">\n\t\t\t\t\t\t<div class=\"elementor-element elementor-element-39ff021c elementor-widget elementor-widget-text-editor\" data-id=\"39ff021c\" data-element_type=\"widget\" data-e-type=\"widget\" data-widget_type=\"text-editor.default\">\n\t\t\t\t<div class=\"elementor-widget-container\">\n\t\t\t\t\t\t\t\t\t<p>Ich unternehme Spazierg\u00e4nge mit meinen Langohren und du kannst Teil davon sein.<br \/>Buche eine Tour und lerne das zauberhafte Wesen der Esel kennen.<\/p>\t\t\t\t\t\t\t\t<\/div>\n\t\t\t\t<\/div>\n\t\t\t\t<div class=\"elementor-element elementor-element-6907da7 elementor-widget elementor-widget-text-editor\" data-id=\"6907da7\" data-element_type=\"widget\" data-e-type=\"widget\" data-widget_type=\"text-editor.default\">\n\t\t\t\t<div class=\"elementor-widget-container\">\n\t\t\t\t\t\t\t\t\t<p>Gemeinsam mit den Eselchen f\u00fchre ich dich durch unsere wundersch\u00f6ne Gegend im staatlich anerkannten Erholungsort Breckerfeld.<\/p><p>Genie\u00dfe die Natur und lerne von den Eseln dich nicht hetzen zu lassen. Lerne etwas \u00fcber diese wunderbaren Tiere und \u00fcber unsere sch\u00f6ne Natur.<br \/>Komm in deine Mitte, lausche, beobachte und f\u00fchle!<\/p><p>F\u00fcr eine Buchungsanfrage nutze das <strong><a href=\"https:\/\/www.esel-herz.de\/#kontakt\">Kontaktformular <\/a><\/strong>und freue dich auf ein Erlebnis, von dem du noch lange zehren kannst.<br \/>Unsere Touren sind f\u00fcr Jung und Alt, Klein und Gro\u00df ob mit oder ohne Einschr\u00e4nkungen geeignet.<\/p>\t\t\t\t\t\t\t\t<\/div>\n\t\t\t\t<\/div>\n\t\t\t\t<div class=\"elementor-element elementor-element-3d4f608b elementor-widget elementor-widget-text-editor\" data-id=\"3d4f608b\" data-element_type=\"widget\" data-e-type=\"widget\" data-widget_type=\"text-editor.default\">\n\t\t\t\t<div class=\"elementor-widget-container\">\n\t\t\t\t\t\t\t\t\t<p>Jeder Spaziergang ist individuell und wird auf deine M\u00f6glichkeiten abgestimmt damit du rundum eine wundervolle Zeit mit den Lang\u00f6hrchen verbringen kannst.<\/p><p>Teile mir bei der Anfrage gerne auch deine besonderen W\u00fcnsche mit.<br \/>Wir tun unser Bestes um darauf einzugehen.<\/p><p>Herzlichst die Eselchen Nuck, Jens, Tommy, Picasso-Kurt, Platero sowie Maja, das Muli M\u00e4dchen, Aragon mein Pferd und ich Bettina.<\/p>\t\t\t\t\t\t\t\t<\/div>\n\t\t\t\t<\/div>\n\t\t\t\t\t<\/div>\n\t\t<\/div>\n\t\t\t\t\t<\/div>\n\t\t<\/section>\n\t\t\t\t<section class=\"elementor-section elementor-top-section elementor-element elementor-element-754db77 elementor-section-boxed elementor-section-height-default elementor-section-height-default\" data-id=\"754db77\" data-element_type=\"section\" data-e-type=\"section\" data-settings=\"{&quot;background_background&quot;:&quot;gradient&quot;}\">\n\t\t\t\t\t\t<div class=\"elementor-container elementor-column-gap-default\">\n\t\t\t\t\t<div class=\"elementor-column elementor-col-33 elementor-top-column elementor-element elementor-element-92576d2\" data-id=\"92576d2\" data-element_type=\"column\" data-e-type=\"column\">\n\t\t\t<div class=\"elementor-widget-wrap elementor-element-populated\">\n\t\t\t\t\t\t<div class=\"elementor-element elementor-element-f0a0fd7 elementor-widget elementor-widget-image\" data-id=\"f0a0fd7\" data-element_type=\"widget\" data-e-type=\"widget\" data-widget_type=\"image.default\">\n\t\t\t\t<div class=\"elementor-widget-container\">\n\t\t\t\t\t\t\t\t\t\t\t\t\t\t\t<img fetchpriority=\"high\" decoding=\"async\" width=\"768\" height=\"1024\" src=\"https:\/\/www.esel-herz.de\/wp-content\/uploads\/2023\/04\/WhatsApp-Image-2023-04-02-at-19.55.20-768x1024.jpeg\" class=\"attachment-large size-large wp-image-1572\" alt=\"\" srcset=\"https:\/\/www.esel-herz.de\/wp-content\/uploads\/2023\/04\/WhatsApp-Image-2023-04-02-at-19.55.20-768x1024.jpeg 768w, https:\/\/www.esel-herz.de\/wp-content\/uploads\/2023\/04\/WhatsApp-Image-2023-04-02-at-19.55.20-225x300.jpeg 225w, https:\/\/www.esel-herz.de\/wp-content\/uploads\/2023\/04\/WhatsApp-Image-2023-04-02-at-19.55.20.jpeg 929w\" sizes=\"(max-width: 768px) 100vw, 768px\" \/>\t\t\t\t\t\t\t\t\t\t\t\t\t\t\t<\/div>\n\t\t\t\t<\/div>\n\t\t\t\t\t<\/div>\n\t\t<\/div>\n\t\t\t\t<div class=\"elementor-column elementor-col-66 elementor-top-column elementor-element elementor-element-7c9a983\" data-id=\"7c9a983\" data-element_type=\"column\" data-e-type=\"column\">\n\t\t\t<div class=\"elementor-widget-wrap elementor-element-populated\">\n\t\t\t\t\t\t<div class=\"elementor-element elementor-element-b693d46 elementor-widget elementor-widget-image\" data-id=\"b693d46\" data-element_type=\"widget\" data-e-type=\"widget\" data-widget_type=\"image.default\">\n\t\t\t\t<div class=\"elementor-widget-container\">\n\t\t\t\t\t\t\t\t\t\t\t\t\t\t\t<img decoding=\"async\" width=\"686\" height=\"914\" src=\"https:\/\/www.esel-herz.de\/wp-content\/uploads\/2026\/03\/IMG_20251222_111419-1.jpg\" class=\"attachment-large size-large wp-image-2115\" alt=\"\" srcset=\"https:\/\/www.esel-herz.de\/wp-content\/uploads\/2026\/03\/IMG_20251222_111419-1.jpg 686w, https:\/\/www.esel-herz.de\/wp-content\/uploads\/2026\/03\/IMG_20251222_111419-1-225x300.jpg 225w\" sizes=\"(max-width: 686px) 100vw, 686px\" \/>\t\t\t\t\t\t\t\t\t\t\t\t\t\t\t<\/div>\n\t\t\t\t<\/div>\n\t\t\t\t\t<\/div>\n\t\t<\/div>\n\t\t\t\t\t<\/div>\n\t\t<\/section>\n\t\t\t\t<section class=\"elementor-section elementor-top-section elementor-element elementor-element-08c3a35 elementor-section-boxed elementor-section-height-default elementor-section-height-default\" data-id=\"08c3a35\" data-element_type=\"section\" data-e-type=\"section\">\n\t\t\t\t\t\t\t<div class=\"elementor-background-overlay\"><\/div>\n\t\t\t\t\t\t\t<div class=\"elementor-container elementor-column-gap-default\">\n\t\t\t\t\t<div class=\"elementor-column elementor-col-100 elementor-top-column elementor-element elementor-element-6972865\" data-id=\"6972865\" data-element_type=\"column\" data-e-type=\"column\">\n\t\t\t<div class=\"elementor-widget-wrap elementor-element-populated\">\n\t\t\t\t\t\t<div class=\"elementor-element elementor-element-b42b8f0 elementor-alert-info elementor-widget elementor-widget-alert\" data-id=\"b42b8f0\" data-element_type=\"widget\" data-e-type=\"widget\" data-widget_type=\"alert.default\">\n\t\t\t\t<div class=\"elementor-widget-container\">\n\t\t\t\t\t\t\t<div class=\"elementor-alert\" role=\"alert\">\n\n\t\t\t\t\t\t<span class=\"elementor-alert-title\"> Allgemeine Regel:<\/span>\n\t\t\t\n\t\t\t\t\t\t<span class=\"elementor-alert-description\">Uns ist ein respektvoller Umgang mit den Tieren besonders wichtig. Die Bed\u00fcrfnisse der Esel zu erkennen und artgerecht darauf einzugehen, daf\u00fcr setzten wir uns mit unserer Arbeit ein! Daher begleiten wir jede Eselwanderung, denn Jens, Nuck, Tommy,  Picasso-Kurt und Platero sind an uns gew\u00f6hnt, wodurch wir euch jederzeit unterst\u00fctzen k\u00f6nnen. Wir haben uns dazu entschlossen das Jens und Nuck keine Menschen tragen m\u00fcssen. Die Begegnung soll gleichberechtigt und auf Augenh\u00f6he erfolgen. Das gemeinsame gehen erm\u00f6glicht es euch trotzdem das ihr euch den Eseln ganz nahe f\u00fchlen k\u00f6nnt. <\/span>\n\t\t\t\n\t\t\t\t\t\t<button type=\"button\" class=\"elementor-alert-dismiss\" aria-label=\"Hinweis ausblenden.\">\n\t\t\t\t\t\t\t\t\t<span aria-hidden=\"true\">&times;<\/span>\n\t\t\t\t\t\t\t<\/button>\n\t\t\t\n\t\t<\/div>\n\t\t\t\t\t\t<\/div>\n\t\t\t\t<\/div>\n\t\t\t\t\t<\/div>\n\t\t<\/div>\n\t\t\t\t\t<\/div>\n\t\t<\/section>\n\t\t\t\t<\/div>\n\t\t","protected":false},"excerpt":{"rendered":"<p>Sch\u00f6n dass du zu Eselherz gefunden hast. Das hat sicher den Grund, dass du Tiere magst und ganz besonders Esel.Da haben wir etwas gemeinsam, denn Esel sind ganz besondere Tiere! Tour buchen https:\/\/youtu.be\/O8-FS78snpc Ich unternehme Spazierg\u00e4nge mit meinen Langohren und du kannst Teil davon sein.Buche eine Tour und lerne das zauberhafte Wesen der Esel kennen. [&hellip;]<\/p>\n","protected":false},"author":1,"featured_media":0,"parent":0,"menu_order":0,"comment_status":"closed","ping_status":"closed","template":"","meta":{"content-type":"","site-sidebar-layout":"no-sidebar","site-content-layout":"page-builder","ast-site-content-layout":"default","site-content-style":"default","site-sidebar-style":"default","ast-global-header-display":"","ast-banner-title-visibility":"","ast-main-header-display":"","ast-hfb-above-header-display":"","ast-hfb-below-header-display":"","ast-hfb-mobile-header-display":"","site-post-title":"disabled","ast-breadcrumbs-content":"","ast-featured-img":"disabled","footer-sml-layout":"","ast-disable-related-posts":"","theme-transparent-header-meta":"default","adv-header-id-meta":"","stick-header-meta":"","header-above-stick-meta":"","header-main-stick-meta":"","header-below-stick-meta":"","astra-migrate-meta-layouts":"default","ast-page-background-enabled":"default","ast-page-background-meta":{"desktop":{"background-color":"var(--ast-global-color-4)","background-image":"","background-repeat":"repeat","background-position":"center center","background-size":"auto","background-attachment":"scroll","background-type":"","background-media":"","overlay-type":"","overlay-color":"","overlay-opacity":"","overlay-gradient":""},"tablet":{"background-color":"","background-image":"","background-repeat":"repeat","background-position":"center center","background-size":"auto","background-attachment":"scroll","background-type":"","background-media":"","overlay-type":"","overlay-color":"","overlay-opacity":"","overlay-gradient":""},"mobile":{"background-color":"","background-image":"","background-repeat":"repeat","background-position":"center center","background-size":"auto","background-attachment":"scroll","background-type":"","background-media":"","overlay-type":"","overlay-color":"","overlay-opacity":"","overlay-gradient":""}},"ast-content-background-meta":{"desktop":{"background-color":"var(--ast-global-color-5)","background-image":"","background-repeat":"repeat","background-position":"center center","background-size":"auto","background-attachment":"scroll","background-type":"","background-media":"","overlay-type":"","overlay-color":"","overlay-opacity":"","overlay-gradient":""},"tablet":{"background-color":"var(--ast-global-color-5)","background-image":"","background-repeat":"repeat","background-position":"center center","background-size":"auto","background-attachment":"scroll","background-type":"","background-media":"","overlay-type":"","overlay-color":"","overlay-opacity":"","overlay-gradient":""},"mobile":{"background-color":"var(--ast-global-color-5)","background-image":"","background-repeat":"repeat","background-position":"center center","background-size":"auto","background-attachment":"scroll","background-type":"","background-media":"","overlay-type":"","overlay-color":"","overlay-opacity":"","overlay-gradient":""}},"footnotes":""},"class_list":["post-25","page","type-page","status-publish","hentry"],"_links":{"self":[{"href":"https:\/\/www.esel-herz.de\/index.php?rest_route=\/wp\/v2\/pages\/25","targetHints":{"allow":["GET"]}}],"collection":[{"href":"https:\/\/www.esel-herz.de\/index.php?rest_route=\/wp\/v2\/pages"}],"about":[{"href":"https:\/\/www.esel-herz.de\/index.php?rest_route=\/wp\/v2\/types\/page"}],"author":[{"embeddable":true,"href":"https:\/\/www.esel-herz.de\/index.php?rest_route=\/wp\/v2\/users\/1"}],"replies":[{"embeddable":true,"href":"https:\/\/www.esel-herz.de\/index.php?rest_route=%2Fwp%2Fv2%2Fcomments&post=25"}],"version-history":[{"count":728,"href":"https:\/\/www.esel-herz.de\/index.php?rest_route=\/wp\/v2\/pages\/25\/revisions"}],"predecessor-version":[{"id":2177,"href":"https:\/\/www.esel-herz.de\/index.php?rest_route=\/wp\/v2\/pages\/25\/revisions\/2177"}],"wp:attachment":[{"href":"https:\/\/www.esel-herz.de\/index.php?rest_route=%2Fwp%2Fv2%2Fmedia&parent=25"}],"curies":[{"name":"wp","href":"https:\/\/api.w.org\/{rel}","templated":true}]}}